{"id":99,"date":"2016-01-19T20:57:11","date_gmt":"2016-01-19T18:57:11","guid":{"rendered":"http:\/\/weltladen-stpoelten.at\/?page_id=99"},"modified":"2022-02-04T21:08:43","modified_gmt":"2022-02-04T20:08:43","slug":"mitglied-werden","status":"publish","type":"page","link":"http:\/\/weltladen-stpoelten.at\/?page_id=99","title":{"rendered":"Mitglied werden"},"content":{"rendered":"<p><span style=\"color: #c1001f;\">Ich m\u00f6chte dem &#8222;<strong>Verein Weltladen St. P\u00f6lten, Verein zur F\u00f6rderung des fairen Handels und der Entwicklungszusammenarbeit<\/strong>&#8220; ab dem laufenden Jahr beitreten.<\/span><\/p>\n<p>Durch das Absenden des Formulars erkl\u00e4re ich mich bereit, die Ziele des Vereins zu f\u00f6rdern und den j\u00e4hrlichen Mitgliedsbeitrag zu bezahlen. Weiters bin ich als Mitglied zur Teilnahme an der j\u00e4hrlichen Generalversammlung berechtigt. Durch Absenden des Formulars gebe ich auch meine Zustimmung zur Speicherung meiner im Formular angegebenen Daten. Die Daten werden auschlie\u00dflich zur Verwaltung der Mitglieder sowie zur Kommunikation mit den Mitgliedern verwendet. Eine Weitergabe der Daten an Dritte ist ausgeschlossen.<\/p>\n<p><a href=\"mailto:info@weltladen-stpoelten.at,wejo@gmx.at?subject=Beitrittserkl%C3%A4rung%20Verein%20Weltladen%20St.%20P%C3%B6lten&amp;body=Liebe%20Mitarbeiter*innen%20im%20Weltladen!%0A%0AIch%20m%C3%B6chte%20dem%20%E2%80%9EVerein%20Weltladen%20St.%20P%C3%B6lten%2C%20Verein%20zur%20F%C3%B6rderung%20des%20fairen%20Handels%20und%20der%20Entwicklungszusammenarbeit%E2%80%9C%20ab%20dem%20laufenden%20Jahr%20beitreten.%0AIch%20erkl%C3%A4re%20mich%20bereit%2C%20die%20Ziele%20des%20Vereins%20zu%20f%C3%B6rdern%20und%20den%20j%C3%A4hrlichen%20Mitgliedsbeitrag%20zu%20bezahlen.%20Weiters%20bin%20ich%20als%20Mitglied%20zur%20Teilnahme%20an%20der%20j%C3%A4hrlichen%20Generalversammlung%20berechtigt.%20Ich%20gebe%20meine%20Zustimmung%20zur%20Speicherung%20meiner%20angegebenen%20Daten.%20Die%20Daten%20werden%20auschlie%C3%9Flich%20zur%20Verwaltung%20der%20Mitglieder%20sowie%20zur%20Kommunikation%20mit%20den%20Mitgliedern%20verwendet.%20Eine%20Weitergabe%20der%20Daten%20an%20Dritte%20ist%20ausgeschlossen.%0A%0AMeine%20Daten%20(bitte%20vollst%C3%A4ndig%20ausf%C3%BCllen)%3A%0AName%3A%0ATitel%3A%0AGeburtsdatum%3A%0AAdresse%3A%0A%0AArt%20der%20Mitgliedschaft%20(bitte%20nicht%20Zutreffendes%20streichen)%3A%0A*%20Unterst%C3%BCtzendes%20Mitglied%20(Mitgliedsbeitrag%20%E2%82%AC%2020%20pro%20Jahr)%0A*%20F%C3%B6rderndes%20Mitglied%20(Mitgliedsbeitrag%20%E2%82%AC%2070%20pro%20Jahr)%0A%0ABezahlung%20des%20Mitgliedsbeitrages%20(bitte%20nicht%20Zutreffendes%20streichen)%3A%0A*%20Bitte%20ziehen%20Sie%20den%20Mitgliedsbeitrag%20j%C3%A4hrlich%20von%20meinem%20Konto%20ein%3A%0A%20%20%20Konto%20lautet%20auf%3A%0A%20%20%20IBAN%3A%0A*%20Bitte%20senden%20Sie%20mir%20j%C3%A4hrlich%20einen%20Erlagschein%20zu.%0A\">Mitglied werden<\/a> (E-Mailvorlage, bitte Ihre Daten erg\u00e4nzen)<\/p>\n<p><a href=\"http:\/\/weltladen-stpoelten.at\/wp-content\/uploads\/2022\/02\/Beitrittserklaerung-1.pdf\" target=\"_blank\" rel=\"noopener\">Beitrittsformular<\/a> zum Download<\/p>\n","protected":false},"excerpt":{"rendered":"<p>Ich m\u00f6chte dem &#8222;Verein Weltladen St. P\u00f6lten, Verein zur F\u00f6rderung des fairen Handels und der Entwicklungszusammenarbeit&#8220; ab dem laufenden Jahr beitreten. Durch das Absenden des Formulars erkl\u00e4re ich mich bereit, die Ziele des Vereins zu f\u00f6rdern und den j\u00e4hrlichen Mitgliedsbeitrag zu bezahlen. Weiters bin ich als Mitglied zur Teilnahme an der j\u00e4hrlichen Generalversammlung berechtigt. Durch [&hellip;]<\/p>\n","protected":false},"author":1,"featured_media":0,"parent":0,"menu_order":0,"comment_status":"closed","ping_status":"closed","template":"","meta":{"footnotes":""},"_links":{"self":[{"href":"http:\/\/weltladen-stpoelten.at\/index.php?rest_route=\/wp\/v2\/pages\/99"}],"collection":[{"href":"http:\/\/weltladen-stpoelten.at\/index.php?rest_route=\/wp\/v2\/pages"}],"about":[{"href":"http:\/\/weltladen-stpoelten.at\/index.php?rest_route=\/wp\/v2\/types\/page"}],"author":[{"embeddable":true,"href":"http:\/\/weltladen-stpoelten.at\/index.php?rest_route=\/wp\/v2\/users\/1"}],"replies":[{"embeddable":true,"href":"http:\/\/weltladen-stpoelten.at\/index.php?rest_route=%2Fwp%2Fv2%2Fcomments&post=99"}],"version-history":[{"count":16,"href":"http:\/\/weltladen-stpoelten.at\/index.php?rest_route=\/wp\/v2\/pages\/99\/revisions"}],"predecessor-version":[{"id":778,"href":"http:\/\/weltladen-stpoelten.at\/index.php?rest_route=\/wp\/v2\/pages\/99\/revisions\/778"}],"wp:attachment":[{"href":"http:\/\/weltladen-stpoelten.at\/index.php?rest_route=%2Fwp%2Fv2%2Fmedia&parent=99"}],"curies":[{"name":"wp","href":"https:\/\/api.w.org\/{rel}","templated":true}]}}