{"id":49,"date":"2016-01-17T18:59:22","date_gmt":"2016-01-17T16:59:22","guid":{"rendered":"http:\/\/weltladen-stpoelten.at\/?page_id=49"},"modified":"2024-10-30T20:17:29","modified_gmt":"2024-10-30T19:17:29","slug":"der-verein","status":"publish","type":"page","link":"http:\/\/weltladen-stpoelten.at\/?page_id=49","title":{"rendered":"Der Verein"},"content":{"rendered":"<p>Der &#8222;<span style=\"color: #c1001f;\"><strong>Verein Weltladen St. P\u00f6lten, Verein zur F\u00f6rderung des fairen Handels und der Entwicklungszusammenarbeit<\/strong><\/span>&#8220; wurde 2002 gegr\u00fcndet, um dem Fairen Handel auch in St. P\u00f6lten ein Zuhause &#8211; einen WELTLADEN &#8211; zu bieten.<\/p>\n<p>Der Verein wird vertreten durch den <span style=\"color: #c1001f;\"><strong>Vereinsvorstand<\/strong><\/span>, bestehend aus<br \/>\nObmann: Josef Wenda<br \/>\nObmann-Stellvertreterin: Silvia Gruber<br \/>\nKassier: Josef Hubmayr<br \/>\nKassier-Stellvertreterin: Sabine Schweigl<br \/>\nSchriftf\u00fchrer: Bernhard Fischer<br \/>\nSchriftf\u00fchrer-Stellvertreterin: Monika Maurer-Auer<\/p>\n<p><span style=\"color: #c10000;\"><strong>Rechnungspr\u00fcferinnen<\/strong> <\/span>sind Inge R\u00fctzler und Monika Priplata.<\/p>\n<p><span style=\"color: #c1001f;\"><strong>Ziele<\/strong><\/span><\/p>\n<p>Ziel des Vereines ist es:<\/p>\n<ul>\n<li>durch das Betreiben des WELTLADEN St. P\u00f6lten, Produzent*innen aus den L\u00e4ndern des S\u00fcdens eine Absatzm\u00f6glichkeit f\u00fcr ihre fair gehandelten Produkte zu bieten und dadurch ihre Lebenssituation zu verbessern;<\/li>\n<li>durch Informations- und Bildungsarbeit zu einer gerechteren, fairen Welt beizutragen,<\/li>\n<li>durch erwirtschaftete Ertr\u00e4ge benachteiligte Menschen im S\u00fcden zu unterst\u00fctzen.<\/li>\n<\/ul>\n<p>Der Verein ist gemeinn\u00fctzig.<\/p>\n<p><span style=\"color: #c1001f;\"><strong>Mitgliedschaft<\/strong><\/span><\/p>\n<p>Mitglieder des Vereins k\u00f6nnen sowohl Einzelpersonen als auch juristische Personen (Gemeinden, Firmen, Pfarren, Vereine, usw&#8230;) werden. (&gt;&gt;&gt; <a href=\"mailto:info@weltladen-stpoelten.at,wejo@gmx.at?subject=Beitrittserkl%C3%A4rung%20Verein%20Weltladen%20St.%20P%C3%B6lten&amp;body=Liebe%20Mitarbeiter*innen%20im%20Weltladen!%0A%0AIch%20m%C3%B6chte%20dem%20%E2%80%9EVerein%20Weltladen%20St.%20P%C3%B6lten%2C%20Verein%20zur%20F%C3%B6rderung%20des%20fairen%20Handels%20und%20der%20Entwicklungszusammenarbeit%E2%80%9C%20ab%20dem%20laufenden%20Jahr%20beitreten.%0AIch%20erkl%C3%A4re%20mich%20bereit%2C%20die%20Ziele%20des%20Vereins%20zu%20f%C3%B6rdern%20und%20den%20j%C3%A4hrlichen%20Mitgliedsbeitrag%20zu%20bezahlen.%20Weiters%20bin%20ich%20als%20Mitglied%20zur%20Teilnahme%20an%20der%20j%C3%A4hrlichen%20Generalversammlung%20berechtigt.%20Ich%20gebe%20meine%20Zustimmung%20zur%20Speicherung%20meiner%20angegebenen%20Daten.%20Die%20Daten%20werden%20auschlie%C3%9Flich%20zur%20Verwaltung%20der%20Mitglieder%20sowie%20zur%20Kommunikation%20mit%20den%20Mitgliedern%20verwendet.%20Eine%20Weitergabe%20der%20Daten%20an%20Dritte%20ist%20ausgeschlossen.%0A%0AMeine%20Daten%20(bitte%20vollst%C3%A4ndig%20ausf%C3%BCllen)%3A%0AName%3A%0ATitel%3A%0AGeburtsdatum%3A%0AAdresse%3A%0A%0AArt%20der%20Mitgliedschaft%20(bitte%20nicht%20Zutreffendes%20streichen)%3A%0A*%20Unterst%C3%BCtzendes%20Mitglied%20(Mitgliedsbeitrag%20%E2%82%AC%2020%20pro%20Jahr)%0A*%20F%C3%B6rderndes%20Mitglied%20(Mitgliedsbeitrag%20%E2%82%AC%2070%20pro%20Jahr)%0A%0ABezahlung%20des%20Mitgliedsbeitrages%20(bitte%20nicht%20Zutreffendes%20streichen)%3A%0A*%20Bitte%20ziehen%20Sie%20den%20Mitgliedsbeitrag%20j%C3%A4hrlich%20von%20meinem%20Konto%20ein%3A%0A%20%20%20Konto%20lautet%20auf%3A%0A%20%20%20IBAN%3A%0A*%20Bitte%20senden%20Sie%20mir%20j%C3%A4hrlich%20einen%20Erlagschein%20zu.%0A\">Beitrittserkl\u00e4rung<\/a>)<br \/>\nWir unterscheiden 4 Kategorien von Mitgliedern:<\/p>\n<ol>\n<li>Aktive Mitglieder:<br \/>\nAktive Mitglieder sind nat\u00fcrliche Personen, die sich intensiv an der Vereinsarbeit beteiligen etwa durch regelm\u00e4\u00dfige ehrenamtliche Mitarbeit im Weltladen.<br \/>\nMitgliedsbeitrag: \u20ac 20,&#8211; pro Jahr. F\u00fcr aktive Mitglieder kann dieser Mitgliedsbeitrag auf Wunsch auch erlassen werden.<\/li>\n<li>Unterst\u00fctzende Mitglieder:<br \/>\nUnterst\u00fctzende Mitglieder sind solche, die die Ziele des Vereines unterst\u00fctzen und verbreiten. Sowohl juristischen als auch nat\u00fcrlichen Personen steht diese Form der Mitgliedschaft offen.<br \/>\nMitgliedsbeitrag: \u20ac 20,&#8211; pro Jahr<\/li>\n<li>F\u00f6rdernde Mitglieder:<br \/>\nF\u00f6rdernde Mitglieder sind solche, die die Vereinst\u00e4tigkeit mindestens durch Zahlung eines Mitgliedsbeitrags f\u00f6rdern.<br \/>\nMitgliedsbeitrag f\u00fcr f\u00f6rdernde Mitglieder: \u20ac 70,&#8211; pro Jahr<\/li>\n<li>Ehrenmitglieder: Die Ehrenmitgliedschaft wird von der Generalversammlung verliehen.<\/li>\n<\/ol>\n<p>Sie k\u00f6nnen <a href=\"mailto:info@weltladen-stpoelten.at,wejo@gmx.at?subject=Beitrittserkl%C3%A4rung%20Verein%20Weltladen%20St.%20P%C3%B6lten&amp;body=Liebe%20Mitarbeiter*innen%20im%20Weltladen!%0A%0AIch%20m%C3%B6chte%20dem%20%E2%80%9EVerein%20Weltladen%20St.%20P%C3%B6lten%2C%20Verein%20zur%20F%C3%B6rderung%20des%20fairen%20Handels%20und%20der%20Entwicklungszusammenarbeit%E2%80%9C%20ab%20dem%20laufenden%20Jahr%20beitreten.%0AIch%20erkl%C3%A4re%20mich%20bereit%2C%20die%20Ziele%20des%20Vereins%20zu%20f%C3%B6rdern%20und%20den%20j%C3%A4hrlichen%20Mitgliedsbeitrag%20zu%20bezahlen.%20Weiters%20bin%20ich%20als%20Mitglied%20zur%20Teilnahme%20an%20der%20j%C3%A4hrlichen%20Generalversammlung%20berechtigt.%20Ich%20gebe%20meine%20Zustimmung%20zur%20Speicherung%20meiner%20angegebenen%20Daten.%20Die%20Daten%20werden%20auschlie%C3%9Flich%20zur%20Verwaltung%20der%20Mitglieder%20sowie%20zur%20Kommunikation%20mit%20den%20Mitgliedern%20verwendet.%20Eine%20Weitergabe%20der%20Daten%20an%20Dritte%20ist%20ausgeschlossen.%0A%0AMeine%20Daten%20(bitte%20vollst%C3%A4ndig%20ausf%C3%BCllen)%3A%0AName%3A%0ATitel%3A%0AGeburtsdatum%3A%0AAdresse%3A%0A%0AArt%20der%20Mitgliedschaft%20(bitte%20nicht%20Zutreffendes%20streichen)%3A%0A*%20Unterst%C3%BCtzendes%20Mitglied%20(Mitgliedsbeitrag%20%E2%82%AC%2020%20pro%20Jahr)%0A*%20F%C3%B6rderndes%20Mitglied%20(Mitgliedsbeitrag%20%E2%82%AC%2070%20pro%20Jahr)%0A%0ABezahlung%20des%20Mitgliedsbeitrages%20(bitte%20nicht%20Zutreffendes%20streichen)%3A%0A*%20Bitte%20ziehen%20Sie%20den%20Mitgliedsbeitrag%20j%C3%A4hrlich%20von%20meinem%20Konto%20ein%3A%0A%20%20%20Konto%20lautet%20auf%3A%0A%20%20%20IBAN%3A%0A*%20Bitte%20senden%20Sie%20mir%20j%C3%A4hrlich%20einen%20Erlagschein%20zu.%0A\">hier<\/a> eine Beitrittserkl\u00e4rung abgeben.<\/p>\n<p>Das <span style=\"color: #c1001f;\"><strong>Statut<\/strong> <\/span>des Vereines finden Sie <a href=\"http:\/\/weltladen-stpoelten.at\/wp-content\/uploads\/2016\/01\/2014-11-06_Statut.pdf\">hier<\/a>.<\/p>\n<p>Der Verein Weltladen St. P\u00f6lten ist Mitglied bei der <a href=\"http:\/\/www.weltlaeden.at\/de\/arge-weltlaeden.html\" target=\"_blank\" rel=\"noopener\">Arbeitsgemeinschaft (ARGE) Weltl\u00e4den<\/a>, dem Dachverband der \u00f6sterreichischen Weltl\u00e4den, und in der <a href=\"https:\/\/firmen.wko.at\/verein-weltladen-st-p%C3%B6lten---verein-zur-f%C3%B6rderung-des-fairen-handels-und-der-entwicklungszusammenarbeit-weltladen---das-fachgesch%C3%A4ft-des-fairen-handels\/nieder%C3%B6sterreich\/?firmaid=b670900f-2afc-4aad-bbc5-15f98b0804a1\" target=\"_blank\" rel=\"noopener\">WKO<\/a>.<\/p>\n<p>Die <a href=\"http:\/\/zvr.bmi.gv.at\/Start\" target=\"_blank\" rel=\"noopener\">ZVR<\/a>-Zahl des Vereines lautet: 328638789<\/p>\n","protected":false},"excerpt":{"rendered":"<p>Der &#8222;Verein Weltladen St. P\u00f6lten, Verein zur F\u00f6rderung des fairen Handels und der Entwicklungszusammenarbeit&#8220; wurde 2002 gegr\u00fcndet, um dem Fairen Handel auch in St. P\u00f6lten ein Zuhause &#8211; einen WELTLADEN &#8211; zu bieten. Der Verein wird vertreten durch den Vereinsvorstand, bestehend aus Obmann: Josef Wenda Obmann-Stellvertreterin: Silvia Gruber Kassier: Josef Hubmayr Kassier-Stellvertreterin: Sabine Schweigl Schriftf\u00fchrer: [&hellip;]<\/p>\n","protected":false},"author":1,"featured_media":0,"parent":0,"menu_order":0,"comment_status":"closed","ping_status":"closed","template":"","meta":{"footnotes":""},"_links":{"self":[{"href":"http:\/\/weltladen-stpoelten.at\/index.php?rest_route=\/wp\/v2\/pages\/49"}],"collection":[{"href":"http:\/\/weltladen-stpoelten.at\/index.php?rest_route=\/wp\/v2\/pages"}],"about":[{"href":"http:\/\/weltladen-stpoelten.at\/index.php?rest_route=\/wp\/v2\/types\/page"}],"author":[{"embeddable":true,"href":"http:\/\/weltladen-stpoelten.at\/index.php?rest_route=\/wp\/v2\/users\/1"}],"replies":[{"embeddable":true,"href":"http:\/\/weltladen-stpoelten.at\/index.php?rest_route=%2Fwp%2Fv2%2Fcomments&post=49"}],"version-history":[{"count":33,"href":"http:\/\/weltladen-stpoelten.at\/index.php?rest_route=\/wp\/v2\/pages\/49\/revisions"}],"predecessor-version":[{"id":897,"href":"http:\/\/weltladen-stpoelten.at\/index.php?rest_route=\/wp\/v2\/pages\/49\/revisions\/897"}],"wp:attachment":[{"href":"http:\/\/weltladen-stpoelten.at\/index.php?rest_route=%2Fwp%2Fv2%2Fmedia&parent=49"}],"curies":[{"name":"wp","href":"https:\/\/api.w.org\/{rel}","templated":true}]}}