{"id":42,"date":"2016-01-17T18:44:53","date_gmt":"2016-01-17T16:44:53","guid":{"rendered":"http:\/\/weltladen-stpoelten.at\/?page_id=42"},"modified":"2018-11-11T22:52:29","modified_gmt":"2018-11-11T20:52:29","slug":"lernort-weltladen","status":"publish","type":"page","link":"http:\/\/weltladen-stpoelten.at\/?page_id=42","title":{"rendered":"Lernort Weltladen"},"content":{"rendered":"<p><span style=\"color: #c1001f;\"><strong><span class=\"headline\">Lernort WELTLADEN<\/span><\/strong><\/span><\/p>\n<p>Sie m\u00f6chten Ihren Sch\u00fclerInnen den Fairen Handel n\u00e4her bringen und den WELTLADEN St. P\u00f6lten besuchen? Wir empfangen Sie gerne. Nat\u00fcrlich gilt das auch f\u00fcr Firm- und andere Gruppen.<\/p>\n<p>Wir bitten Sie um Terminvereinbarung mindestens vier Wochen vorher (telefonisch unter 02742\/214 37 oder per <a href=\"mailto:info@weltladen-stpoelten.at?subject=Besuch%20im%20Lernort%20Weltladen&amp;body=Liebe%20Mitarbeiter*innen%20im%20Weltladen!%0A%0AIch%20m%C3%B6chte%20den%20Weltladen%20St.%20P%C3%B6lten%20mit%20einer%20Gruppe%20besuchen%20und%20bitte%20Sie%2C%20mich%20deswegen%20zu%20kontaktieren.%0A%0ATel.%3A%20%0A%0AArt%20der%20Gruppe%20(Schulklasse%2FFirmgruppe%2F...%3A%0A%0Aungef%C3%A4hre%20Gruppengr%C3%B6%C3%9Fe%3A%0A%0Agew%C3%BCnschter%20Zeitpunkt%3A\">Mail<\/a>)<\/p>\n<p>Sie sollten sich f\u00fcr einen Besuch im WELTLADEN mindestens 30 Minuten Zeit nehmen.<\/p>\n<p><span style=\"color: #c1001f;\"><strong><span class=\"headline\">WELTLADEN R\u00e4tselralley<\/span><\/strong><\/span><br \/>\nF\u00fcr Sch\u00fclerInnen ab der 5. Schulstufe stehen auch zwei R\u00e4tselralleys zur Verf\u00fcgung.<br \/>\nWoher stammt das Oliven\u00f6l, woher die bunt lackierten Holzkreuze? Wie lautet der Slogan der Weltl\u00e4den? Fragen \u00fcber Fragen, mit denen sich eine Schulklasse konfrontiert sieht. Die Antworten finden aufmerksame TeilnehmerInnen im Gesch\u00e4ftslokal des St. P\u00f6ltner Weltladens. Die Klasse hat gerade Religion und absolviert die \u201eWeltladen-R\u00e4tselrallye\u201c. Auf spielerische Weise lernen die Sch\u00fclerInnen in Kleingruppen \u00fcber globale Ungerechtigkeiten, den Reichtum der Kulturen und die Grundlagen des Fairen Handels. Ein L\u00f6sungssatz zeigt den jungen BesucherInnen schlie\u00dflich an, ob die Antworten stimmen. Eine Schokolade-Verkostung rundet dieses kostenlose Bildungsangebot ab.<\/p>\n<p>F\u00fcr Sch\u00fclerInnen der Oberstufe steht eine schwierigere Version zur Verf\u00fcgung. Maximal 20 TeilnehmerInnen.<\/p>\n<p><a href=\"mailto:info@weltladen-stpoelten.at,wejo@gmx.at?subject=Besuch%20im%20Lernort%20Weltladen&amp;body=Liebe%20Mitarbeiter*innen%20im%20Weltladen!%0A%0AIch%20m%C3%B6chte%20den%20Weltladen%20St.%20P%C3%B6lten%20mit%20einer%20Gruppe%20besuchen%20und%20bitte%20Sie%2C%20mich%20deswegen%20zu%20kontaktieren.%0A%0ATel.%3A%20%0A%0AArt%20der%20Gruppe%20(Schulklasse%2FFirmgruppe%2F...%3A%0A%0Aungef%C3%A4hre%20Gruppengr%C3%B6%C3%9Fe%3A%0A%0Agew%C3%BCnschter%20Zeitpunkt%3A\">Mail<\/a><\/p>\n<p>&nbsp;<\/p>\n","protected":false},"excerpt":{"rendered":"<p>Lernort WELTLADEN Sie m\u00f6chten Ihren Sch\u00fclerInnen den Fairen Handel n\u00e4her bringen und den WELTLADEN St. P\u00f6lten besuchen? Wir empfangen Sie gerne. Nat\u00fcrlich gilt das auch f\u00fcr Firm- und andere Gruppen. Wir bitten Sie um Terminvereinbarung mindestens vier Wochen vorher (telefonisch unter 02742\/214 37 oder per Mail) Sie sollten sich f\u00fcr einen Besuch im WELTLADEN mindestens [&hellip;]<\/p>\n","protected":false},"author":1,"featured_media":0,"parent":0,"menu_order":0,"comment_status":"closed","ping_status":"closed","template":"","meta":{"footnotes":""},"_links":{"self":[{"href":"http:\/\/weltladen-stpoelten.at\/index.php?rest_route=\/wp\/v2\/pages\/42"}],"collection":[{"href":"http:\/\/weltladen-stpoelten.at\/index.php?rest_route=\/wp\/v2\/pages"}],"about":[{"href":"http:\/\/weltladen-stpoelten.at\/index.php?rest_route=\/wp\/v2\/types\/page"}],"author":[{"embeddable":true,"href":"http:\/\/weltladen-stpoelten.at\/index.php?rest_route=\/wp\/v2\/users\/1"}],"replies":[{"embeddable":true,"href":"http:\/\/weltladen-stpoelten.at\/index.php?rest_route=%2Fwp%2Fv2%2Fcomments&post=42"}],"version-history":[{"count":9,"href":"http:\/\/weltladen-stpoelten.at\/index.php?rest_route=\/wp\/v2\/pages\/42\/revisions"}],"predecessor-version":[{"id":893,"href":"http:\/\/weltladen-stpoelten.at\/index.php?rest_route=\/wp\/v2\/pages\/42\/revisions\/893"}],"wp:attachment":[{"href":"http:\/\/weltladen-stpoelten.at\/index.php?rest_route=%2Fwp%2Fv2%2Fmedia&parent=42"}],"curies":[{"name":"wp","href":"https:\/\/api.w.org\/{rel}","templated":true}]}}