{"id":374,"date":"2016-08-19T19:43:58","date_gmt":"2016-08-19T17:43:58","guid":{"rendered":"http:\/\/weltladen-stpoelten.at\/?page_id=374"},"modified":"2026-02-08T16:47:34","modified_gmt":"2026-02-08T15:47:34","slug":"unsere-projekte","status":"publish","type":"page","link":"http:\/\/weltladen-stpoelten.at\/?page_id=374","title":{"rendered":"Unsere Projekte"},"content":{"rendered":"<div class=\"wp-block-image\">\n<figure class=\"alignleft\"><img decoding=\"async\" loading=\"lazy\" width=\"300\" height=\"200\" src=\"http:\/\/weltladen-stpoelten.at\/wp-content\/uploads\/2017\/08\/5904639379_77a6f70a22_o-300x200.jpg\" alt=\"\" class=\"wp-image-376\" srcset=\"http:\/\/weltladen-stpoelten.at\/wp-content\/uploads\/2017\/08\/5904639379_77a6f70a22_o-300x200.jpg 300w, http:\/\/weltladen-stpoelten.at\/wp-content\/uploads\/2017\/08\/5904639379_77a6f70a22_o-1024x683.jpg 1024w, http:\/\/weltladen-stpoelten.at\/wp-content\/uploads\/2017\/08\/5904639379_77a6f70a22_o.jpg 1728w\" sizes=\"(max-width: 300px) 100vw, 300px\" \/><\/figure><\/div>\n\n\n<p>Der <a href=\"http:\/\/weltladen-stpoelten.at\/?page_id=49\" target=\"_blank\" rel=\"noopener\">Verein Weltladen St. P\u00f6lten<\/a> verbessert die Lebensbedingungen der Menschen im S\u00fcden durch <a href=\"http:\/\/weltladen-stpoelten.at\/?page_id=160\" target=\"_blank\" rel=\"noopener\">Fairen Handel<\/a>. Zus\u00e4tzlich ist es uns als gemeinn\u00fctziger Verein ein gro\u00dfes Anliegen, Projekte zu unterst\u00fctzen, die Menschen im S\u00fcden ein besseres Leben erm\u00f6glichen. So w\u00e4hlen wir jedes Jahr ein Projekt aus, das wir unterst\u00fctzen.<\/p>\n\n\n\n<p>Hier bieten wir einen \u00dcberblick \u00fcber die Projekte der letzten Jahre:<\/p>\n\n\n\n<p><strong><span style=\"color: #c1001f;\">2025 Projektunterst\u00fctzungen von mehr als \u20ac 10.000<\/span><\/strong><\/p>\n\n\n\n<ul>\n<li>3368,- Euro an das Projekt <a href=\"https:\/\/selynfoundation.org\/bleed-good\/\" target=\"_blank\" rel=\"noreferrer noopener\">#Bleedgood<\/a> in Sri Lanka. Dadurch erhalten Frauen und junge M\u00e4dchen Zugang zu Menstruationshygieneproduktn, aber auch Workshops zur Bek\u00e4mpfung geschlechtsspezifischer Gewalt und Kindesmissbrauch.<\/li>\n\n\n\n<li>Qhana in Bolivien erhielt 636,- Euro, mit denen Brillen f\u00fcr Strickerinnen angeschafft wurden. Als Dank hat uns Qhana ein <a href=\"http:\/\/weltladen-stpoelten.at\/wp-content\/uploads\/2026\/02\/QHANA-donacion-de-lentes-2da-fase.mp4\" target=\"_blank\" rel=\"noreferrer noopener\">Video<\/a> \u00fcbermitelt.<\/li>\n\n\n\n<li>Mit 813,- Euro beteiligten wir uns an einem gr\u00f6\u00dferen Projekt von Oxfam Belgien zur Unterst\u00fctzung der Produzent*innengruppen von SAFFY auf den Philippinen (Fortbildungen in verschiedenen Bereichen). Das Hauptziel des Projektes ist es, benachteiligte Produzent*innen und Handwerker*innen zu vereinen und zu st\u00e4rken, indem sie mit den notwendigen F\u00e4higkeiten, Ressourcen und Unterst\u00fctzung ausgestattet werden, um ihre handwerklichen Betriebe nachhaltig zu f\u00fchren und auszubauen. Dies soll durch gezielte Schulungen in den Bereichen Produktentwicklung, Finanzmanagement sowie durch den Zugang zu Investitionsm\u00f6glichkeiten und essenzieller Ausstattung erreicht werden.<\/li>\n\n\n\n<li>Die Fairhandels- und Kinderschutzorganisation <a href=\"https:\/\/preda.org\/\" target=\"_blank\" rel=\"noreferrer noopener\">PREDA<\/a> auf den Phillippinen unterst\u00fctzen wir mit 2770,- Euro.<\/li>\n\n\n\n<li>Und schlie\u00dflich flossen 3000,- Euro in den ARGE-Weltl\u00e4den-Partnerfonds f\u00fcr Wiederaufbauhilfe nach dem Wirbelsturm &#8222;Ditwah&#8220; in Sri Lanka.<\/li>\n<\/ul>\n\n\n\n<p><strong><span style=\"color: #c1001f;\">2024 Projektunterst\u00fctzung gesamt \u20ac 5.000:<\/span> <\/strong><\/p>\n\n\n\n<ul>\n<li><strong>\u20ac 2.500 gingen an BOCU f\u00fcr die Errichtung von Regenwasserauffangbeh\u00e4ltern (via EZA Fairer Handel). <\/strong><\/li>\n\n\n\n<li><strong>\u20ac 500 Beitrag leisteten wir zu einem Trocknungsraum von Artisan Well (Kalkutta, Indien, Projekt von contigo). <\/strong><\/li>\n\n\n\n<li><strong>Mit jeweils \u20ac 1000 unterst\u00fctzten wir die Hochwasseropfer in Spanien (S\u00fcdfr\u00fcchte, EZA) und Nepal (\u00fcber fairytale)<br><\/strong><\/li>\n<\/ul>\n\n\n\n<p><strong><span style=\"color: #c1001f;\">2023<\/span> &#8211; Beitrag zu einer Solaranlage von Creative Handicrafts in Indien (\u20ac 3.000) und Beitrag f\u00fcr die Unterst\u00fctzung der N\u00e4herinnen von fairytale in Nepal (\u20ac 500).<br><\/strong><\/p>\n\n\n\n<p><strong><span style=\"color: #c1001f;\">2019 <\/span>&#8211; <span style=\"color: #c1001f;\">2022<\/span> <a href=\"http:\/\/weltladen-stpoelten.at\/wp-content\/uploads\/2022\/04\/Unterstuetzungsprojekt_Druckerei_Khan.pdf\" target=\"_blank\" rel=\"noopener\">Projekt der Modernisierung einer Stoffdruckerei<\/a> in Nepal (2019-2021 wurde daf\u00fcr angespart, \u20ac 12.000 wurden 2022 \u00fcberwiesen)<\/strong><\/p>\n\n\n\n<p><strong><span style=\"color: #c1001f;\">2020<\/span> &#8211; <\/strong><strong><a href=\"https:\/\/www.weltladen.at\/blog\/eine-letzte-ueberweisung\/\" target=\"_blank\" rel=\"noopener\">Unterst\u00fctzung des Corona Soforthilfefonds der ARGE Weltl\u00e4den<\/a> (\u20ac 4.600) und Unterst\u00fctzung der N\u00e4herinnen der Partnerscheiderei von <em>fairytale fair fashion<\/em> in Kathmandu, Nepal (\u20ac 500); <br><\/strong><\/p>\n\n\n\n<p><span style=\"color: #c1001f;\"><strong><span style=\"color: #c1001f;\">2018<\/span> &#8211; <\/strong><\/span><span style=\"color: #c1001f;\"><strong><a href=\"http:\/\/weltladen-stpoelten.at\/?p=541\">Unterk\u00fcnfte f\u00fcr ISMAM in Mexiko<\/a> (\u20ac 2.120) und <a href=\"http:\/\/weltladen-stpoelten.at\/?p=535\">Arts-Performance-Centres in Namibia<\/a> (\u20ac 1.500)<br><\/strong><\/span><\/p>\n\n\n\n<p><span style=\"color: #c1001f;\"><strong>2017 &#8211; <a href=\"http:\/\/weltladen-stpoelten.at\/?p=446\">Kilus: Hilfe nach einem Feuer<\/a> (\u20ac 3.000)<\/strong><\/span><\/p>\n\n\n\n<p><span style=\"color: #c1001f;\"><strong>2016 &#8211; <a href=\"http:\/\/weltladen-stpoelten.at\/?p=369\">Licht f\u00fcr Kwanta<\/a> (\u20ac 2.000)<\/strong><\/span><\/p>\n\n\n\n<p><strong><span style=\"color: #c1001f;\">2015 &#8211; <a href=\"http:\/\/weltladen-stpoelten.at\/?p=398\">Unterst\u00fctzung f\u00fcr Erdbebenopfer in Nepal<\/a> (\u20ac 3.000)<\/span><\/strong><\/p>\n\n\n\n<p><strong><span style=\"color: #c1001f;\">2014 &#8211; <a href=\"http:\/\/weltladen-stpoelten.at\/?p=425\">Dol Dol in Kenia und Preda auf den Philippinen<\/a> (\u20ac 1.504)<\/span><\/strong><\/p>\n\n\n\n<p><strong><span style=\"color: #c1001f;\">2013<\/span> &#8211; Comunidad Ema\u00fas von Martin R\u00f6mer, Mexiko (\u20ac 1.000)<\/strong><\/p>\n\n\n\n<p><strong><span style=\"color: #c1001f;\">2012<\/span> &#8211; Manjeen, Indien (\u20ac 600)<\/strong><\/p>\n\n\n\n<h6 class=\"wp-block-heading\"><a href=\"https:\/\/www.flickr.com\/photos\/ora-international\/5904639379\/in\/photostream\/\" target=\"_blank\" rel=\"noopener\">Bildquelle<\/a> (<a href=\"https:\/\/creativecommons.org\/licenses\/by-sa\/2.0\/\" target=\"_blank\" rel=\"noopener\">Nutzungsrechte<\/a>)<\/h6>\n\n\n\n<p><\/p>\n","protected":false},"excerpt":{"rendered":"<p>Der Verein Weltladen St. P\u00f6lten verbessert die Lebensbedingungen der Menschen im S\u00fcden durch Fairen Handel. Zus\u00e4tzlich ist es uns als gemeinn\u00fctziger Verein ein gro\u00dfes Anliegen, Projekte zu unterst\u00fctzen, die Menschen im S\u00fcden ein besseres Leben erm\u00f6glichen. So w\u00e4hlen wir jedes Jahr ein Projekt aus, das wir unterst\u00fctzen. Hier bieten wir einen \u00dcberblick \u00fcber die Projekte [&hellip;]<\/p>\n","protected":false},"author":1,"featured_media":0,"parent":0,"menu_order":0,"comment_status":"closed","ping_status":"closed","template":"","meta":{"footnotes":""},"_links":{"self":[{"href":"http:\/\/weltladen-stpoelten.at\/index.php?rest_route=\/wp\/v2\/pages\/374"}],"collection":[{"href":"http:\/\/weltladen-stpoelten.at\/index.php?rest_route=\/wp\/v2\/pages"}],"about":[{"href":"http:\/\/weltladen-stpoelten.at\/index.php?rest_route=\/wp\/v2\/types\/page"}],"author":[{"embeddable":true,"href":"http:\/\/weltladen-stpoelten.at\/index.php?rest_route=\/wp\/v2\/users\/1"}],"replies":[{"embeddable":true,"href":"http:\/\/weltladen-stpoelten.at\/index.php?rest_route=%2Fwp%2Fv2%2Fcomments&post=374"}],"version-history":[{"count":25,"href":"http:\/\/weltladen-stpoelten.at\/index.php?rest_route=\/wp\/v2\/pages\/374\/revisions"}],"predecessor-version":[{"id":973,"href":"http:\/\/weltladen-stpoelten.at\/index.php?rest_route=\/wp\/v2\/pages\/374\/revisions\/973"}],"wp:attachment":[{"href":"http:\/\/weltladen-stpoelten.at\/index.php?rest_route=%2Fwp%2Fv2%2Fmedia&parent=374"}],"curies":[{"name":"wp","href":"https:\/\/api.w.org\/{rel}","templated":true}]}}