{"id":268,"date":"2016-02-21T20:15:24","date_gmt":"2016-02-21T18:15:24","guid":{"rendered":"http:\/\/weltladen-stpoelten.at\/?page_id=268"},"modified":"2022-02-03T09:16:57","modified_gmt":"2022-02-03T08:16:57","slug":"das-fairtrade-siegel","status":"publish","type":"page","link":"http:\/\/weltladen-stpoelten.at\/?page_id=268","title":{"rendered":"Das Fairtrade-Siegel"},"content":{"rendered":"<p>Die Geschichte des Fairen Handels reicht zur\u00fcck bis in die siebziger Jahre. Der Absatz der Produkte erfolgte gro\u00dfteils in Weltl\u00e4den. Kund*innen in den Weltl\u00e4den wussten und wissen, dass alle Produkte dort aus Fairem Handel stammen.<\/p>\n<p><img decoding=\"async\" loading=\"lazy\" class=\" wp-image-270 alignleft\" src=\"http:\/\/weltladen-stpoelten.at\/wp-content\/uploads\/2016\/02\/FairTrade-Logo-256x300.jpg\" alt=\"FairTrade-Logo\" width=\"190\" height=\"223\" srcset=\"http:\/\/weltladen-stpoelten.at\/wp-content\/uploads\/2016\/02\/FairTrade-Logo-256x300.jpg 256w, http:\/\/weltladen-stpoelten.at\/wp-content\/uploads\/2016\/02\/FairTrade-Logo.jpg 453w\" sizes=\"(max-width: 190px) 100vw, 190px\" \/>Um den Produzent*innen weitere Absatzkan\u00e4le, etwa Superm\u00e4rkte, zu erschlie\u00dfen, wurden Ende der achtziger Jahre Siegel entwickelt, um den Kund*innen dort die Unterscheidung zwischen Produkten aus konventionellem und Fairem Handel zu erm\u00f6glichen.<\/p>\n<p>Aus verschiedenen solchen Initiativen wurde schlie\u00dflich 1997 Fairtrade Labelling Organizations International (FLO) gegr\u00fcndet. FLO vergibt \u00fcber ihre nationalen Siegelorganisationen das Fairtrade-Siegel f\u00fcr Produkte, die gem\u00e4\u00df diesen FLO-Standards zertifiziert wurden. Seit Anfang 2003 ist das Siegel der FLO in den meisten L\u00e4ndern vereinheitlicht.<\/p>\n<p>In \u00d6sterreich tragen mehr als 1.100 Produkte das FAIRTRADE-Siegel. Im WELTLADEN begegnen Ihnen Produkte mit und ohne Fairtrade-Siegel. Und dennoch k\u00f6nnen Sie sicher sein, dass alle Produkte aus Fairem Handel stammen und dessen Kriterien erf\u00fcllen.<\/p>\n<p>Fairer Handel ist weit breiter, als das Fairtrade-Siegel. Das Fairtrade-Siegel erlaubte es einerseits neue Absatzkan\u00e4le zu erschlie\u00dfen, andererseits lassen aber auch Firmen abseits der klassischen Fairhandelsimporteure Produkte zertifizieren, w\u00e4hrend sie den Gro\u00dfteil ihrer Erzeugnisse weiterhin konventionell handeln (etwa Nestl\u00e9). Es ist zwar sicher gestellt, dass die Rohstoffe des zertifizierten Produktes fair gehandelt sind, nicht jedoch, dass der Lizenznehmer (etwa Nestl\u00e9) sich\u00a0 insgesamt fair und nachhaltig verh\u00e4lt.<\/p>\n","protected":false},"excerpt":{"rendered":"<p>Die Geschichte des Fairen Handels reicht zur\u00fcck bis in die siebziger Jahre. Der Absatz der Produkte erfolgte gro\u00dfteils in Weltl\u00e4den. Kund*innen in den Weltl\u00e4den wussten und wissen, dass alle Produkte dort aus Fairem Handel stammen. Um den Produzent*innen weitere Absatzkan\u00e4le, etwa Superm\u00e4rkte, zu erschlie\u00dfen, wurden Ende der achtziger Jahre Siegel entwickelt, um den Kund*innen dort [&hellip;]<\/p>\n","protected":false},"author":1,"featured_media":0,"parent":0,"menu_order":0,"comment_status":"closed","ping_status":"closed","template":"","meta":{"footnotes":""},"_links":{"self":[{"href":"http:\/\/weltladen-stpoelten.at\/index.php?rest_route=\/wp\/v2\/pages\/268"}],"collection":[{"href":"http:\/\/weltladen-stpoelten.at\/index.php?rest_route=\/wp\/v2\/pages"}],"about":[{"href":"http:\/\/weltladen-stpoelten.at\/index.php?rest_route=\/wp\/v2\/types\/page"}],"author":[{"embeddable":true,"href":"http:\/\/weltladen-stpoelten.at\/index.php?rest_route=\/wp\/v2\/users\/1"}],"replies":[{"embeddable":true,"href":"http:\/\/weltladen-stpoelten.at\/index.php?rest_route=%2Fwp%2Fv2%2Fcomments&post=268"}],"version-history":[{"count":7,"href":"http:\/\/weltladen-stpoelten.at\/index.php?rest_route=\/wp\/v2\/pages\/268\/revisions"}],"predecessor-version":[{"id":758,"href":"http:\/\/weltladen-stpoelten.at\/index.php?rest_route=\/wp\/v2\/pages\/268\/revisions\/758"}],"wp:attachment":[{"href":"http:\/\/weltladen-stpoelten.at\/index.php?rest_route=%2Fwp%2Fv2%2Fmedia&parent=268"}],"curies":[{"name":"wp","href":"https:\/\/api.w.org\/{rel}","templated":true}]}}