{"id":248,"date":"2016-02-19T23:26:38","date_gmt":"2016-02-19T21:26:38","guid":{"rendered":"http:\/\/weltladen-stpoelten.at\/?page_id=248"},"modified":"2022-02-03T09:19:57","modified_gmt":"2022-02-03T08:19:57","slug":"auswirkungen-des-fairen-handels","status":"publish","type":"page","link":"http:\/\/weltladen-stpoelten.at\/?page_id=248","title":{"rendered":"Auswirkungen des Fairen Handels"},"content":{"rendered":"<p>In den letzten Jahren wurden eine Reihe Fall- und \u00dcberblicksstudien \u00fcber die Auswirkungen Fairen Handels auf Produzenten ver\u00f6ffentlicht. Diese Studien stimmen in einigen zentralen Punkten \u00fcberein:<\/p>\n<ul>\n<li><span style=\"color: #c1001f;\"><b>Weniger Armut:<\/b><\/span> Die verbesserte finanzielle Lage der ProduzentInnen\/Kleinb\u00e4uerInnen verringert die Armut und schafft Zukunftsperspektiven.\u00a0\u00a0Die Lebensumst\u00e4nde der ProduzentInnen verbessern sich durch Fairen Handel deutlich.<\/li>\n<\/ul>\n<p><img decoding=\"async\" loading=\"lazy\" class=\"size-medium wp-image-279 alignleft\" src=\"http:\/\/weltladen-stpoelten.at\/wp-content\/uploads\/2016\/02\/1200px-Bracing_for_a_short_sharp_jab-300x200.jpg\" alt=\"1200px-Bracing_for_a_short,_sharp_jab\" width=\"300\" height=\"200\" srcset=\"http:\/\/weltladen-stpoelten.at\/wp-content\/uploads\/2016\/02\/1200px-Bracing_for_a_short_sharp_jab-300x200.jpg 300w, http:\/\/weltladen-stpoelten.at\/wp-content\/uploads\/2016\/02\/1200px-Bracing_for_a_short_sharp_jab-1024x683.jpg 1024w, http:\/\/weltladen-stpoelten.at\/wp-content\/uploads\/2016\/02\/1200px-Bracing_for_a_short_sharp_jab.jpg 1200w\" sizes=\"(max-width: 300px) 100vw, 300px\" \/><\/p>\n<ul>\n<li><span style=\"color: #c1001f;\"><b>Bessere Infrastruktur: <\/b><\/span>Die Mehreinnahmen erm\u00f6glichen Investitionen in eine bessere Infrastruktur im Dorf (Schule, medizinische Einrichtungen, eigenes Verarbeitungszentrum f\u00fcr die Produkte etc.).<\/li>\n<li><span style=\"color: #c1001f;\"><b>Bessere Gesundheit: <\/b><\/span>Die verbesserten Arbeitsbedingungen aber auch der verbesserte Zugang zum Gesundheitssystem bewirken eine bessere Gesundheit der ProduzentInnen und deren Familien.<\/li>\n<li><span style=\"color: #c1001f;\"><b>Mitbestimmung: <\/b><\/span>Die Kleinb\u00e4uerInnen und ArbeiterInnen lernen sich besser zu organisieren, ihre Bed\u00fcrfnisse zu formulieren und diese in selbst bestimmten Projekten umzusetzen (Hilfe zur Selbsthilfe).<\/li>\n<\/ul>\n<p><img decoding=\"async\" loading=\"lazy\" class=\"size-medium wp-image-277 alignleft\" src=\"http:\/\/weltladen-stpoelten.at\/wp-content\/uploads\/2016\/02\/1200px-Ian_Mackenzie_High_School_Classroom-300x225.jpg\" alt=\"1200px-Ian_Mackenzie_High_School_Classroom\" width=\"300\" height=\"225\" srcset=\"http:\/\/weltladen-stpoelten.at\/wp-content\/uploads\/2016\/02\/1200px-Ian_Mackenzie_High_School_Classroom-300x225.jpg 300w, http:\/\/weltladen-stpoelten.at\/wp-content\/uploads\/2016\/02\/1200px-Ian_Mackenzie_High_School_Classroom-1024x768.jpg 1024w, http:\/\/weltladen-stpoelten.at\/wp-content\/uploads\/2016\/02\/1200px-Ian_Mackenzie_High_School_Classroom.jpg 1200w\" sizes=\"(max-width: 300px) 100vw, 300px\" \/><\/p>\n<ul>\n<li><span style=\"color: #c1001f;\"><b>Bessere Zukunftschancen: <\/b><\/span>Bessere Preise als im konventionellen Handel und langfristige Partnerschaften erm\u00f6glichen Investitionen in Produktion und Qualit\u00e4t.<\/li>\n<li><span style=\"color: #c1001f;\"><b>Stoppt Abwanderung: <\/b><\/span>Die Qualit\u00e4t der Produkte sowie die Produktivit\u00e4t werden gesteigert, schaffen neue Arbeitspl\u00e4tze und verhindern die Stadtflucht.<\/li>\n<li><span style=\"color: #c1001f;\"><b>Schulbildung f\u00fcr die Kinder:<\/b><\/span> Die Kinder erhalten eine bessere Schulbildung, weil sie zur Sicherstellung des t\u00e4glichen Familieneinkommens nicht mehr beitragen m\u00fcssen.<\/li>\n<li><span style=\"color: #c1001f;\"><b>Nachhaltigkeit: <\/b><\/span>Der nachhaltige Einsatz von\u00a0\u00a0Ressourcen und das Bewusstsein f\u00fcr die Umwelt werden gest\u00e4rkt.<\/li>\n<li><span style=\"color: #c1001f;\"><b>St\u00e4rkt Selbstvertrauen:<\/b><\/span> Der Aufbau von wirtschaftlichen und sozialen Kompetenzen verringert nicht nur die Armut, sondern verst\u00e4rkt auch den Einfluss der Produzenten auf die allgemeine Entwicklung der Region\/des Landes.<\/li>\n<\/ul>\n<p><span style=\"color: #c1001f;\"><b><img decoding=\"async\" loading=\"lazy\" class=\"size-medium wp-image-278 alignleft\" src=\"http:\/\/weltladen-stpoelten.at\/wp-content\/uploads\/2016\/02\/1200px-Australian_volunteer_Aaron_Watson_explains_HIVAIDS_and_how_it_is_transmitted._Cambodia_2010._Photo-_AusAID_10675124295-300x225.jpg\" alt=\"1200px-Australian_volunteer_Aaron_Watson_explains_HIVAIDS_and_how_it_is_transmitted._Cambodia_2010._Photo-_AusAID_(10675124295)\" width=\"300\" height=\"225\" srcset=\"http:\/\/weltladen-stpoelten.at\/wp-content\/uploads\/2016\/02\/1200px-Australian_volunteer_Aaron_Watson_explains_HIVAIDS_and_how_it_is_transmitted._Cambodia_2010._Photo-_AusAID_10675124295-300x225.jpg 300w, http:\/\/weltladen-stpoelten.at\/wp-content\/uploads\/2016\/02\/1200px-Australian_volunteer_Aaron_Watson_explains_HIVAIDS_and_how_it_is_transmitted._Cambodia_2010._Photo-_AusAID_10675124295-1024x768.jpg 1024w, http:\/\/weltladen-stpoelten.at\/wp-content\/uploads\/2016\/02\/1200px-Australian_volunteer_Aaron_Watson_explains_HIVAIDS_and_how_it_is_transmitted._Cambodia_2010._Photo-_AusAID_10675124295.jpg 1200w\" sizes=\"(max-width: 300px) 100vw, 300px\" \/>Sensibilisierung der KonsumentInnen:<\/b><\/span> Die Fairtrade-AkteurInnen im Norden (Importorganisationen, Labelorganisationen, Weltl\u00e4den) informieren und sensibilisieren die KonsumentInnen \u00fcber die Problematik des aktuellen Welthandels. Sie stellen die positiven Auswirkungen des Fairen Handels dar und zeigen auf, welchen Einfluss ein ver\u00e4ndertes, faires Einkaufsverhalten haben kann. Durch das ge\u00e4nderte Bewusstsein entsteht ein Druck auch auf konventionelle ProduzentInnen ihre Produktions- und Handelspraktiken zu \u00fcberdenken und zu verbessern.<\/p>\n<p>Corinna Haitzer fasst es in ihrer Diplomarbeit folgenderma\u00dfen zusammen: &#8222;Unbestreitbar ist, dass der Faire Handel einen positiven Beitrag zur Steigerung der Lebensqualit\u00e4t der benachteiligten Produzenten in den Entwicklungsl\u00e4ndern leistet. Er hilft das Einkommen und die Sozialleistungen f\u00fcr die Produzenten zu steigern sowie die Einkommenssicherheit durch regelm\u00e4\u00dfige Abs\u00e4tze und langfristige Handelsbeziehungen zu f\u00f6rdern. Weiters wird die Produktionsqualit\u00e4t verbessert, der Zugang der Kleinproduzenten zu Absatzm\u00e4rkten im Norden er\u00f6ffnet sowie die Entwicklung von Gemeinwesen gef\u00f6rdert. Jene Produzenten, die an einer Fair Handelsbeziehung beteiligt sind, erreichen in der Regel eine komfortable wirtschaftliche Absicherung \u2013 zu mindest f\u00fcr die Zeit, in der sie Teil des Fair Handelssystems sind.&#8220; (Corinna Haitzer: <span class=\"searchword\">Die<\/span> <span class=\"searchword\">Struktur<\/span> <span class=\"searchword\">des<\/span> <span class=\"searchword\">Fairen<\/span> <span class=\"searchword\">Handels<\/span>: eine \u00f6konomische Betrachtung. Universit\u00e4t Wien. 2006)<\/p>\n<p>Hier finden Sie einen <a href=\"https:\/\/www.maxhavelaar.ch\/was-ist-fairtrade\/das-bewirkt-fairtrade\/wirkungsstudien.html\" target=\"_blank\" rel=\"noopener\">\u00dcberblick \u00fcber verschiedene Studien zum Thema Fairer Handel<\/a> und seine Auswirkungen.<\/p>\n<p>Eine sehr umfangreiche, laufend aktualisierte <a href=\"https:\/\/www.fairtrade-institute.org\/\" target=\"_blank\" rel=\"noopener\">Literaturliste<\/a> zu den Auswirkungen des Fairen Handels und andere Themen finden Sie auf der Homepage des Fair Trade Institute.<\/p>\n<h6>Bildquellen (von oben): Wikipedia, Ian Mackenzie (Wikipedia), AusAID (Wikipedia)<\/h6>\n","protected":false},"excerpt":{"rendered":"<p>In den letzten Jahren wurden eine Reihe Fall- und \u00dcberblicksstudien \u00fcber die Auswirkungen Fairen Handels auf Produzenten ver\u00f6ffentlicht. Diese Studien stimmen in einigen zentralen Punkten \u00fcberein: Weniger Armut: Die verbesserte finanzielle Lage der ProduzentInnen\/Kleinb\u00e4uerInnen verringert die Armut und schafft Zukunftsperspektiven.\u00a0\u00a0Die Lebensumst\u00e4nde der ProduzentInnen verbessern sich durch Fairen Handel deutlich. Bessere Infrastruktur: Die Mehreinnahmen erm\u00f6glichen Investitionen [&hellip;]<\/p>\n","protected":false},"author":1,"featured_media":0,"parent":0,"menu_order":0,"comment_status":"closed","ping_status":"closed","template":"","meta":{"footnotes":""},"_links":{"self":[{"href":"http:\/\/weltladen-stpoelten.at\/index.php?rest_route=\/wp\/v2\/pages\/248"}],"collection":[{"href":"http:\/\/weltladen-stpoelten.at\/index.php?rest_route=\/wp\/v2\/pages"}],"about":[{"href":"http:\/\/weltladen-stpoelten.at\/index.php?rest_route=\/wp\/v2\/types\/page"}],"author":[{"embeddable":true,"href":"http:\/\/weltladen-stpoelten.at\/index.php?rest_route=\/wp\/v2\/users\/1"}],"replies":[{"embeddable":true,"href":"http:\/\/weltladen-stpoelten.at\/index.php?rest_route=%2Fwp%2Fv2%2Fcomments&post=248"}],"version-history":[{"count":17,"href":"http:\/\/weltladen-stpoelten.at\/index.php?rest_route=\/wp\/v2\/pages\/248\/revisions"}],"predecessor-version":[{"id":759,"href":"http:\/\/weltladen-stpoelten.at\/index.php?rest_route=\/wp\/v2\/pages\/248\/revisions\/759"}],"wp:attachment":[{"href":"http:\/\/weltladen-stpoelten.at\/index.php?rest_route=%2Fwp%2Fv2%2Fmedia&parent=248"}],"curies":[{"name":"wp","href":"https:\/\/api.w.org\/{rel}","templated":true}]}}