{"id":175,"date":"2016-02-12T21:02:29","date_gmt":"2016-02-12T19:02:29","guid":{"rendered":"http:\/\/weltladen-stpoelten.at\/?page_id=175"},"modified":"2016-02-12T21:21:40","modified_gmt":"2016-02-12T19:21:40","slug":"links-entwicklungszusammenarbeitbildungsarbeit","status":"publish","type":"page","link":"http:\/\/weltladen-stpoelten.at\/?page_id=175","title":{"rendered":"Links &#8211; Entwicklungszusammenarbeit\/Bildungsarbeit"},"content":{"rendered":"<h3><span style=\"color: #c1001f;\"><strong><span style=\"color: #c1001f;\">Entwicklungszusammenarbeit\/Bildungsarbeit<\/span><\/strong><\/span><\/h3>\n<ul>\n<li><a href=\"http:\/\/www.suedwind.at\/\" target=\"_blank\">S\u00fcdwind<\/a> &#8211; Verein f\u00fcr Entwicklungspolitik und globale Gerechtigkeit<\/li>\n<li><a href=\"http:\/\/www.horizont3000.at\" target=\"_blank\">Horizont 3000<\/a> &#8211; \u00d6sterreichische Organisation f\u00fcr Entwicklungszusammenarbeit<\/li>\n<li><a href=\"http:\/\/www.cleanclothes.at\/\" target=\"_blank\">Clean Clothes<\/a> Kampagne \u00d6sterreich<\/li>\n<li><a href=\"http:\/\/www.klimabuendnis.at\/\" target=\"_blank\">Klimab\u00fcndnis \u00d6sterreich<\/a> &#8211; setzt lokale Klimaschutz-Initiativen und sch\u00fctzt gleichzeitig den Amazonas-Regenwald<\/li>\n<li><a href=\"http:\/\/www.welthaus.at\/\" target=\"_blank\">Welthaus<\/a> \u00d6sterreich<\/li>\n<li><a href=\"http:\/\/www.missio.at\" target=\"_blank\">Missio<\/a> &#8211; P\u00e4pstliche Missionswerke \u00d6sterreich<\/li>\n<li><a href=\"http:\/\/www.dka.at\" target=\"_blank\">Dreik\u00f6nigsaktion<\/a> &#8211; Hilfswerk der Katholischen Jungschar<\/li>\n<li><a href=\"http:\/\/www.fairjobbing.net\" target=\"_blank\">fair jobbing<\/a> &#8211; Chancen, Trends, Aktionen im Fairen Handel<\/li>\n<\/ul>\n<p><span style=\"color: #c1001f;\">weitere Links:<\/span><\/p>\n<p style=\"padding-left: 30px;\"><a href=\"http:\/\/weltladen-stpoelten.at\/?page_id=184\">Fairer Handel<\/a><a href=\"http:\/\/weltladen-stpoelten.at\/?page_id=177\"><br \/>\nLieferantInnen<\/a><br \/>\n<a href=\"http:\/\/weltladen-stpoelten.at\/?page_id=179\">Nachhaltige Geldanlage<\/a><br \/>\n<a href=\"http:\/\/weltladen-stpoelten.at\/?page_id=181\">Nachhaltig Reisen<\/a><\/p>\n","protected":false},"excerpt":{"rendered":"<p>Entwicklungszusammenarbeit\/Bildungsarbeit S\u00fcdwind &#8211; Verein f\u00fcr Entwicklungspolitik und globale Gerechtigkeit Horizont 3000 &#8211; \u00d6sterreichische Organisation f\u00fcr Entwicklungszusammenarbeit Clean Clothes Kampagne \u00d6sterreich Klimab\u00fcndnis \u00d6sterreich &#8211; setzt lokale Klimaschutz-Initiativen und sch\u00fctzt gleichzeitig den Amazonas-Regenwald Welthaus \u00d6sterreich Missio &#8211; P\u00e4pstliche Missionswerke \u00d6sterreich Dreik\u00f6nigsaktion &#8211; Hilfswerk der Katholischen Jungschar fair jobbing &#8211; Chancen, Trends, Aktionen im Fairen Handel weitere Links: [&hellip;]<\/p>\n","protected":false},"author":1,"featured_media":0,"parent":0,"menu_order":0,"comment_status":"closed","ping_status":"closed","template":"","meta":{"footnotes":""},"_links":{"self":[{"href":"http:\/\/weltladen-stpoelten.at\/index.php?rest_route=\/wp\/v2\/pages\/175"}],"collection":[{"href":"http:\/\/weltladen-stpoelten.at\/index.php?rest_route=\/wp\/v2\/pages"}],"about":[{"href":"http:\/\/weltladen-stpoelten.at\/index.php?rest_route=\/wp\/v2\/types\/page"}],"author":[{"embeddable":true,"href":"http:\/\/weltladen-stpoelten.at\/index.php?rest_route=\/wp\/v2\/users\/1"}],"replies":[{"embeddable":true,"href":"http:\/\/weltladen-stpoelten.at\/index.php?rest_route=%2Fwp%2Fv2%2Fcomments&post=175"}],"version-history":[{"count":4,"href":"http:\/\/weltladen-stpoelten.at\/index.php?rest_route=\/wp\/v2\/pages\/175\/revisions"}],"predecessor-version":[{"id":194,"href":"http:\/\/weltladen-stpoelten.at\/index.php?rest_route=\/wp\/v2\/pages\/175\/revisions\/194"}],"wp:attachment":[{"href":"http:\/\/weltladen-stpoelten.at\/index.php?rest_route=%2Fwp%2Fv2%2Fmedia&parent=175"}],"curies":[{"name":"wp","href":"https:\/\/api.w.org\/{rel}","templated":true}]}}