{"id":15,"date":"2016-01-17T18:08:19","date_gmt":"2016-01-17T16:08:19","guid":{"rendered":"http:\/\/weltladen-stpoelten.at\/?page_id=15"},"modified":"2018-03-03T19:07:27","modified_gmt":"2018-03-03T17:07:27","slug":"impressum","status":"publish","type":"page","link":"http:\/\/weltladen-stpoelten.at\/?page_id=15","title":{"rendered":"Impressum"},"content":{"rendered":"<p><span style=\"color: #c1001f;\"><strong>Medieninhaber dieser Webseite:<\/strong><\/span><\/p>\n<p><strong>Verein WELTLADEN St. P\u00f6lten<\/strong> &#8211; Verein zur F\u00f6rderung des fairen Handels und der Entwicklungszusammenarbeit.<\/p>\n<p><strong>ZVR-Nummer<\/strong>: Der Verein ist im <a href=\"http:\/\/zvr.bmi.gv.at\/Start\" target=\"_blank\" rel=\"noopener\">zentralen Vereinsregister <\/a>unter der Nummer <strong>328638789<\/strong> registriert. Dort erhalten Sie auch die Information \u00fcber die jeweils vertretungsbefugten Personen.<\/p>\n<p><strong>Anschrift:<\/strong><br \/>\nSchreinergasse 1, A-3100 St. P\u00f6lten<br \/>\nTel.: 0<span class=\"skype_c2c_print_container\">2742\/214 37<\/span><br \/>\nE-Mail: hier geht es zu unserem <a href=\"http:\/\/weltladen-stpoelten.at\/?page_id=19\">Kontaktformular<\/a><\/p>\n<p><strong>Bankverbindung:<\/strong><br \/>\nSparkasse N\u00d6 Mitte West AG<br \/>\nlautend auf: Verein WELTLADEN St. P\u00f6lten<br \/>\nIBAN: AT95 2025 6000 0090 0993<br \/>\nBIC: SPSPAT21<\/p>\n<p><strong>UID-Nr.:<\/strong> ATU54794708<\/p>\n<p><strong>Information laut \u00a725, Absatz 2 MedienG:<\/strong> Medieninhaberin (Verlegerin) ist der Verein WELTLADEN St. P\u00f6lten. F\u00fcr den Inhalt ist die Medieninhaberin verantwortlich. Diese Website dient der Erf\u00fcllung des Vereinszwecks, zum Zweck der Darstellung der Arbeit des Vereins WELTLADEN St. P\u00f6lten, sowie der Information und Bildung \u00fcber den Fairen Handel im Gegensatz zum konventionellen Welthandel.<br \/>\nVerweise und Links: Diese Website enth\u00e4lt Verweise auf Websites, die von Dritten eingerichtet wurden. der Verein WELTLADEN St. P\u00f6lten hat keinerlei Kontrolle \u00fcber die Websites und die dort angebotenen Informationen, Waren oder Dienstleistungen. Der Verein WELTLADEN St. P\u00f6lten \u00fcbernimmt daher keinerlei Verantwortung, aus welchem Rechtsgrund auch immer, f\u00fcr den Inhalt der Websites Dritter.<\/p>\n<p>&nbsp;<\/p>\n<p>Der Verein WELTLADEN St. P\u00f6lten ist Mitglied der Wirtschaftskammer \u00d6sterreich. Unternehmensdaten bei der <a href=\"https:\/\/firmen.wko.at\/Web\/DetailsInfos.aspx?FirmaID=b670900f-2afc-4aad-bbc5-15f98b0804a1&amp;StandortID=627&amp;StandortName=St.+P%C3%B6lten+%28Gemeinde%29&amp;Suchbegriff=weltladen&amp;Page=1\" target=\"_blank\" rel=\"noopener\">Wirtschaftskammer \u00d6sterreich<\/a><\/p>\n","protected":false},"excerpt":{"rendered":"<p>Medieninhaber dieser Webseite: Verein WELTLADEN St. P\u00f6lten &#8211; Verein zur F\u00f6rderung des fairen Handels und der Entwicklungszusammenarbeit. ZVR-Nummer: Der Verein ist im zentralen Vereinsregister unter der Nummer 328638789 registriert. Dort erhalten Sie auch die Information \u00fcber die jeweils vertretungsbefugten Personen. Anschrift: Schreinergasse 1, A-3100 St. P\u00f6lten Tel.: 02742\/214 37 E-Mail: hier geht es zu unserem [&hellip;]<\/p>\n","protected":false},"author":1,"featured_media":0,"parent":0,"menu_order":0,"comment_status":"closed","ping_status":"closed","template":"","meta":{"footnotes":""},"_links":{"self":[{"href":"http:\/\/weltladen-stpoelten.at\/index.php?rest_route=\/wp\/v2\/pages\/15"}],"collection":[{"href":"http:\/\/weltladen-stpoelten.at\/index.php?rest_route=\/wp\/v2\/pages"}],"about":[{"href":"http:\/\/weltladen-stpoelten.at\/index.php?rest_route=\/wp\/v2\/types\/page"}],"author":[{"embeddable":true,"href":"http:\/\/weltladen-stpoelten.at\/index.php?rest_route=\/wp\/v2\/users\/1"}],"replies":[{"embeddable":true,"href":"http:\/\/weltladen-stpoelten.at\/index.php?rest_route=%2Fwp%2Fv2%2Fcomments&post=15"}],"version-history":[{"count":4,"href":"http:\/\/weltladen-stpoelten.at\/index.php?rest_route=\/wp\/v2\/pages\/15\/revisions"}],"predecessor-version":[{"id":464,"href":"http:\/\/weltladen-stpoelten.at\/index.php?rest_route=\/wp\/v2\/pages\/15\/revisions\/464"}],"wp:attachment":[{"href":"http:\/\/weltladen-stpoelten.at\/index.php?rest_route=%2Fwp%2Fv2%2Fmedia&parent=15"}],"curies":[{"name":"wp","href":"https:\/\/api.w.org\/{rel}","templated":true}]}}